{"id":2,"date":"2018-04-03T20:30:36","date_gmt":"2018-04-03T20:30:36","guid":{"rendered":"https:\/\/www.nieusiedzisz.pl\/?page_id=2"},"modified":"2024-07-02T20:12:49","modified_gmt":"2024-07-02T20:12:49","slug":"about","status":"publish","type":"page","link":"https:\/\/www.nieusiedzisz.pl\/?page_id=2","title":{"rendered":"O mnie"},"content":{"rendered":"<p>Mam na imi\u0119 Martyna i zawodowo jestem farmaceutk\u0105. Na co dzie\u0144 pracuje dla przemys\u0142u farmaceutycznego, ale r\u00f3wnie\u017c mo\u017cna mnie spotka\u0107 za okienkiem jednej z warszawskich aptek.<\/p>\n<p>Pochodz\u0119 z po\u0142o\u017conego na Mazurach miasta &#8211; E\u0142ku. Od kilku lat (z p\u00f3\u0142roczn\u0105 zdrad\u0105 z Porto, do kt\u00f3rego \u015bci\u0105gn\u0105\u0142 mnie epizod Erasmusa) mieszkam w Warszawie.<\/p>\n<p>Ci\u0105gle mnie nosi, jak w tytule absolutnie nie usiedz\u0119 w miejscu. Za\u0142apa\u0142am podr\u00f3\u017cniczego bakcyla i choruje na niego przewlekle od lat:). M\u00f3j styl podr\u00f3\u017cowania ewoluowa\u0142 od bardziej wygodnych form (tzw. package holiday), do swobodnego podr\u00f3\u017cowania z plecakiem, bez wi\u0119kszego planu i najwa\u017cniejsze bez spiny. Teraz zdecydowane przedk\u0142adam przyjazn\u0105 atmosfer\u0119 hosteli nad wygodny hotel.<\/p>\n<p>Ograniczam mnogo\u015b\u0107 atrakcji w podr\u00f3\u017cy, by delektowa\u0107 si\u0119 danym miejscem i spotkanymi po drodze lud\u017ami. Planuje wyjazdy low budget, czyham na atrakcyjny lot i wystarcza mi baga\u017c podr\u0119czny. Podr\u00f3\u017c to nie tylko przekraczanie granicy z piecz\u0105tk\u0105 w paszporcie, a tak\u017ce spontaniczny wyjazd poza miasto, kt\u00f3ry mo\u017ce okaza\u0107 si\u0119 niebanaln\u0105 przygod\u0105. Wycieczka zaczyna si\u0119 za przekre\u015blon\u0105 tablic\u0105 stolicy. Dzi\u0119ki temu udaje mi si\u0119 wyje\u017cdza\u0107 cz\u0119\u015bciej.<\/p>\n<p><span style=\"font-weight: 400;\">Dojrza\u0142am do za\u0142o\u017cenie bloga o tematyce oko\u0142opodr\u00f3\u017cniczych. Chc\u0119 tu prezentowa\u0107 relacje i opowie\u015bci z miejsc, gdzie mnie ponios\u0142o. Anegdoty, zdj\u0119cia i gar\u015b\u0107 praktycznych informacji.<\/span><\/p>\n<p><span style=\"font-weight: 400;\"> Martyna<\/span><\/p>\n","protected":false},"excerpt":{"rendered":"<p>Mam na imi\u0119 Martyna i zawodowo jestem farmaceutk\u0105. Na co dzie\u0144 pracuje dla przemys\u0142u farmaceutycznego, ale r\u00f3wnie\u017c mo\u017cna mnie spotka\u0107 za okienkiem jednej z warszawskich aptek. Pochodz\u0119 z po\u0142o\u017conego na Mazurach miasta &#8211; E\u0142ku. Od kilku lat (z p\u00f3\u0142roczn\u0105 zdrad\u0105 z Porto, do kt\u00f3rego \u015bci\u0105gn\u0105\u0142 mnie epizod Erasmusa) mieszkam w Warszawie. Ci\u0105gle mnie nosi, jak w tytule absolutnie nie usiedz\u0119 w miejscu. Za\u0142apa\u0142am podr\u00f3\u017cniczego bakcyla i choruje na niego przewlekle od lat:). M\u00f3j styl podr\u00f3\u017cowania ewoluowa\u0142 od bardziej wygodnych form (tzw. package holiday), do swobodnego podr\u00f3\u017cowania z plecakiem, bez wi\u0119kszego planu i najwa\u017cniejsze bez spiny. Teraz zdecydowane przedk\u0142adam przyjazn\u0105 atmosfer\u0119 hosteli nad wygodny hotel. Ograniczam mnogo\u015b\u0107 atrakcji w podr\u00f3\u017cy, by delektowa\u0107 si\u0119 danym miejscem i spotkanymi po drodze lud\u017ami. Planuje wyjazdy low budget, czyham na atrakcyjny lot i wystarcza mi baga\u017c podr\u0119czny. Podr\u00f3\u017c to nie tylko przekraczanie granicy z piecz\u0105tk\u0105 w paszporcie, a tak\u017ce spontaniczny wyjazd poza miasto, kt\u00f3ry mo\u017ce okaza\u0107 si\u0119 niebanaln\u0105 przygod\u0105. Wycieczka zaczyna si\u0119 za przekre\u015blon\u0105 tablic\u0105 stolicy. Dzi\u0119ki temu udaje mi si\u0119 wyje\u017cdza\u0107 cz\u0119\u015bciej. Dojrza\u0142am do za\u0142o\u017cenie bloga o tematyce oko\u0142opodr\u00f3\u017cniczych. Chc\u0119 tu prezentowa\u0107 relacje i opowie\u015bci z miejsc, gdzie mnie ponios\u0142o. Anegdoty, zdj\u0119cia i gar\u015b\u0107 praktycznych informacji. Martyna<\/p>\n","protected":false},"author":1,"featured_media":46,"parent":0,"menu_order":0,"comment_status":"open","ping_status":"open","template":"","meta":[],"_links":{"self":[{"href":"https:\/\/www.nieusiedzisz.pl\/index.php?rest_route=\/wp\/v2\/pages\/2"}],"collection":[{"href":"https:\/\/www.nieusiedzisz.pl\/index.php?rest_route=\/wp\/v2\/pages"}],"about":[{"href":"https:\/\/www.nieusiedzisz.pl\/index.php?rest_route=\/wp\/v2\/types\/page"}],"author":[{"embeddable":true,"href":"https:\/\/www.nieusiedzisz.pl\/index.php?rest_route=\/wp\/v2\/users\/1"}],"replies":[{"embeddable":true,"href":"https:\/\/www.nieusiedzisz.pl\/index.php?rest_route=%2Fwp%2Fv2%2Fcomments&post=2"}],"version-history":[{"count":8,"href":"https:\/\/www.nieusiedzisz.pl\/index.php?rest_route=\/wp\/v2\/pages\/2\/revisions"}],"predecessor-version":[{"id":1676,"href":"https:\/\/www.nieusiedzisz.pl\/index.php?rest_route=\/wp\/v2\/pages\/2\/revisions\/1676"}],"wp:featuredmedia":[{"embeddable":true,"href":"https:\/\/www.nieusiedzisz.pl\/index.php?rest_route=\/wp\/v2\/media\/46"}],"wp:attachment":[{"href":"https:\/\/www.nieusiedzisz.pl\/index.php?rest_route=%2Fwp%2Fv2%2Fmedia&parent=2"}],"curies":[{"name":"wp","href":"https:\/\/api.w.org\/{rel}","templated":true}]}}